{"id":115,"date":"2025-12-09T15:44:30","date_gmt":"2025-12-09T15:44:30","guid":{"rendered":"https:\/\/yd.mustafabaydogan.com\/?page_id=115"},"modified":"2025-12-09T15:44:32","modified_gmt":"2025-12-09T15:44:32","slug":"onur-odulu","status":"publish","type":"page","link":"https:\/\/yd.mustafabaydogan.com\/en\/onur-odulu\/","title":{"rendered":"Honor Award"},"content":{"rendered":"<p>The Operational Research Society of T\u00fcrkiye (YAD) Honor Award is presented each year at the National Operations Research and Industrial Engineering (OR\/IE) Congress, based on the decision of the YAD Executive Board.<\/p>\n\n\n\n<h4 class=\"wp-block-heading\">2017<\/h4>\n\n\n\n<ol class=\"wp-block-list\">\n<li>Mustafa Akg\u00fcl<\/li>\n\n\n\n<li>\u00d6mer Benli<\/li>\n\n\n\n<li>\u0130lhan Or<\/li>\n<\/ol>\n\n\n\n<hr class=\"wp-block-separator has-alpha-channel-opacity\"\/>\n\n\n\n<h4 class=\"wp-block-heading\">2015 &#8211; 2016 *<\/h4>\n\n\n\n<ol class=\"wp-block-list\">\n<li>Halim Do\u011frus\u00f6z<\/li>\n\n\n\n<li>\u00c7aglar G\u00fcven<\/li>\n\n\n\n<li>\u0130mdat Kara<\/li>\n\n\n\n<li>\u0130lhami Karayal\u00e7\u0131n<\/li>\n\n\n\n<li>Muhittin Oral<\/li>\n\n\n\n<li>\u00d6mer Saat\u00e7ioglu<\/li>\n\n\n\n<li>Ata\u00e7 Soysal<\/li>\n\n\n\n<li>G\u00fcnd\u00fcz Ulusoy<\/li>\n<\/ol>\n\n\n\n<hr class=\"wp-block-separator has-alpha-channel-opacity\"\/>\n\n\n\n<h4 class=\"wp-block-heading\">2018<\/h4>\n\n\n\n<ol class=\"wp-block-list\">\n<li>S\u00fcleyman \u00d6zekici<\/li>\n<\/ol>\n\n\n\n<p><small>* In alphabetical order by surname<\/small><\/p>","protected":false},"excerpt":{"rendered":"<p>Y\u00f6neylem Ara\u015ft\u0131rmas\u0131 Derne\u011fi (YAD) Onur \u00d6d\u00fcl\u00fc her sene yap\u0131lan Y\u00f6neylem Ara\u015ft\u0131rmas\u0131 ve End\u00fcstri M\u00fchendisli\u011fi (YA\/EM) Ulusal Kongresi&#8217;nde YAD Y\u00f6netim Kurulu [&hellip;]<\/p>","protected":false},"author":1,"featured_media":0,"parent":0,"menu_order":0,"comment_status":"closed","ping_status":"closed","template":"","meta":{"site-sidebar-layout":"default","site-content-layout":"","ast-site-content-layout":"default","site-content-style":"default","site-sidebar-style":"default","ast-global-header-display":"","ast-banner-title-visibility":"","ast-main-header-display":"","ast-hfb-above-header-display":"","ast-hfb-below-header-display":"","ast-hfb-mobile-header-display":"","site-post-title":"","ast-breadcrumbs-content":"","ast-featured-img":"","footer-sml-layout":"","theme-transparent-header-meta":"","adv-header-id-meta":"","stick-header-meta":"","header-above-stick-meta":"","header-main-stick-meta":"","header-below-stick-meta":"","astra-migrate-meta-layouts":"default","ast-page-background-enabled":"default","ast-page-background-meta":{"desktop":{"background-color":"var(--ast-global-color-5)","background-image":"","background-repeat":"repeat","background-position":"center center","background-size":"auto","background-attachment":"scroll","background-type":"","background-media":"","overlay-type":"","overlay-color":"","overlay-opacity":"","overlay-gradient":""},"tablet":{"background-color":"","background-image":"","background-repeat":"repeat","background-position":"center center","background-size":"auto","background-attachment":"scroll","background-type":"","background-media":"","overlay-type":"","overlay-color":"","overlay-opacity":"","overlay-gradient":""},"mobile":{"background-color":"","background-image":"","background-repeat":"repeat","background-position":"center center","background-size":"auto","background-attachment":"scroll","background-type":"","background-media":"","overlay-type":"","overlay-color":"","overlay-opacity":"","overlay-gradient":""}},"ast-content-background-meta":{"desktop":{"background-color":"var(--ast-global-color-4)","background-image":"","background-repeat":"repeat","background-position":"center center","background-size":"auto","background-attachment":"scroll","background-type":"","background-media":"","overlay-type":"","overlay-color":"","overlay-opacity":"","overlay-gradient":""},"tablet":{"background-color":"var(--ast-global-color-4)","background-image":"","background-repeat":"repeat","background-position":"center center","background-size":"auto","background-attachment":"scroll","background-type":"","background-media":"","overlay-type":"","overlay-color":"","overlay-opacity":"","overlay-gradient":""},"mobile":{"background-color":"var(--ast-global-color-4)","background-image":"","background-repeat":"repeat","background-position":"center center","background-size":"auto","background-attachment":"scroll","background-type":"","background-media":"","overlay-type":"","overlay-color":"","overlay-opacity":"","overlay-gradient":""}},"footnotes":""},"class_list":["post-115","page","type-page","status-publish","hentry"],"aioseo_notices":[],"_links":{"self":[{"href":"https:\/\/yd.mustafabaydogan.com\/en\/wp-json\/wp\/v2\/pages\/115","targetHints":{"allow":["GET"]}}],"collection":[{"href":"https:\/\/yd.mustafabaydogan.com\/en\/wp-json\/wp\/v2\/pages"}],"about":[{"href":"https:\/\/yd.mustafabaydogan.com\/en\/wp-json\/wp\/v2\/types\/page"}],"author":[{"embeddable":true,"href":"https:\/\/yd.mustafabaydogan.com\/en\/wp-json\/wp\/v2\/users\/1"}],"replies":[{"embeddable":true,"href":"https:\/\/yd.mustafabaydogan.com\/en\/wp-json\/wp\/v2\/comments?post=115"}],"version-history":[{"count":1,"href":"https:\/\/yd.mustafabaydogan.com\/en\/wp-json\/wp\/v2\/pages\/115\/revisions"}],"predecessor-version":[{"id":116,"href":"https:\/\/yd.mustafabaydogan.com\/en\/wp-json\/wp\/v2\/pages\/115\/revisions\/116"}],"wp:attachment":[{"href":"https:\/\/yd.mustafabaydogan.com\/en\/wp-json\/wp\/v2\/media?parent=115"}],"curies":[{"name":"wp","href":"https:\/\/api.w.org\/{rel}","templated":true}]}}