{"id":117,"date":"2025-12-09T16:28:48","date_gmt":"2025-12-09T16:28:48","guid":{"rendered":"https:\/\/yd.mustafabaydogan.com\/?page_id=117"},"modified":"2025-12-09T16:28:49","modified_gmt":"2025-12-09T16:28:49","slug":"uygulama-odulu","status":"publish","type":"page","link":"https:\/\/yd.mustafabaydogan.com\/en\/uygulama-odulu\/","title":{"rendered":"Application Award"},"content":{"rendered":"<p>The YAD Application Award is open to project studies carried out within a company operating in T\u00fcrkiye, in which industrial engineering and\/or operations research methods are predominantly used. Projects must be completed, implemented, and must have produced measurable benefits for the organization in which they were applied. The industrial engineering and\/or operations research methods used should be explicitly stated.<\/p>\n\n\n\n<h4 class=\"wp-block-heading\">Who Can Apply?<\/h4>\n\n\n\n<p>To be eligible for the YAD Application Award, the following conditions must be met:<\/p>\n\n\n\n<ol class=\"wp-block-list\">\n<li>The organization must be a company operating within the borders of T\u00fcrkiye.<\/li>\n\n\n\n<li>The project team applying for the award must consist predominantly of employees of the organization. Academic or non-academic consultants from outside the organization may also contribute to the project.<\/li>\n\n\n\n<li>The project must have been initiated no more than five years prior to the competition\u2019s final application date.<\/li>\n\n\n\n<li>The project must have been implemented, and its measurable results must be documented by the organization.<\/li>\n\n\n\n<li>The project must not have been a finalist in the YAD Application Award competition in previous years.<\/li>\n\n\n\n<li>No member of the YAD Application Award Selection Committee must have contributed to the project at any stage.<\/li>\n<\/ol>\n\n\n\n<h4 class=\"wp-block-heading\">YAD Application Award Finalists<\/h4>\n\n\n\n<h5 class=\"wp-block-heading\">2021<\/h5>\n\n\n\n<ol class=\"wp-block-list\">\n<li>Trendyol, Depo \u0130\u00e7i Operasyonlarda Sipari\u015fleri H\u0131zl\u0131 Toplama i\u00e7in Eniyileme Yakla\u015f\u0131mlar\u0131, YAD Uygulama \u00d6d\u00fcl\u00fc<\/li>\n\n\n\n<li>Oyak Renault, Montaj Departman\u0131 CSC Kalite Kontrol Hatt\u0131 \u0130\u015f Y\u00fck\u00fc Dengelemesi, Juri Ozel Od\u00fcl\u00fc<\/li>\n\n\n\n<li>Linkas Teknoloji, Mekanik Montaj Hatt\u0131 \u0130yile\u015ftirme Projesi<\/li>\n\n\n\n<li>ESAN Eczac\u0131ba\u015f\u0131, OPTIMIX Harman Optimizasyonu<\/li>\n\n\n\n<li>Tad\u0131m, \u015eehirleraras\u0131 Nakliye Optimizasyonu<\/li>\n<\/ol>\n\n\n\n<hr class=\"wp-block-separator has-alpha-channel-opacity\"\/>\n\n\n\n<h5 class=\"wp-block-heading\">2017<\/h5>\n\n\n\n<ol class=\"wp-block-list\">\n<li>Son \u0130\u015flem Hatlar\u0131nda Esnek Terminli \u00c7izelgeleme Uygulamas\u0131, (Borusan Teknoloji Geli\u015ftirme ve ArGe A.\u015e ve Bor\u00e7elik), Birincilik &#8211; E\u015f \u00d6d\u00fcl\u00fc<\/li>\n\n\n\n<li>Deney Tasar\u0131m\u0131 ve Yapay Sinir A\u011flar\u0131 Y\u00f6ntemiyle Al\u00fcminyum Ekstr\u00fczyon Prosesinin \u0130yile\u015ftirilmesi (Asa\u015f Al\u00fcminyum Sanayi ve Ticaret A.\u015e), Birincilik &#8211; E\u015f \u00d6d\u00fcl\u00fc<\/li>\n\n\n\n<li>Disk Montaj Operasyonlar\u0131nda Poke-Yoke Y\u00f6ntemiyle Operat\u00f6r Hatalar\u0131n\u0131n S\u0131f\u0131rlanmas\u0131 (D\u00f6nmez Debriyaj)<\/li>\n\n\n\n<li>Konfeksiyon B\u00f6l\u00fcm\u00fc Yal\u0131n \u00dcretim Uygulamalar\u0131 ile Maliyet Azaltma ve Ergonomik \u0130yile\u015ftirme (Asa\u015f Al\u00fcminyum Sanayi ve Ticaret A.\u015e)<\/li>\n<\/ol>\n\n\n\n<hr class=\"wp-block-separator has-alpha-channel-opacity\"\/>\n\n\n\n<h5 class=\"wp-block-heading\">2016<\/h5>\n\n\n\n<ol class=\"wp-block-list\">\n<li>T\u00fcrkiye G\u00fcn \u00d6ncesi Elektrik Piyasas\u0131 Projesi, (EP\u0130A\u015e), Birincilik \u00d6d\u00fcl\u00fc<\/li>\n\n\n\n<li>G\u0131da Parakendesinde Veriye Dayal\u0131 Ak\u0131ll\u0131 Stok Y\u00f6netimi (OBASE), \u0130kincilik \u00d6d\u00fcl\u00fc<\/li>\n\n\n\n<li>Is\u0131 Yal\u0131t\u0131m Hatt\u0131nda Tek Par\u00e7a Ak\u0131\u015f\u0131n Sa\u011flanmas\u0131 (Asa\u015f Al\u00fcminyum Sanayi ve Ticaret A.\u015e), \u00dc\u00e7\u00fcnc\u00fcl\u00fck \u00d6d\u00fcl\u00fc<\/li>\n\n\n\n<li>Depo Defragmantasyonunun Optimizasyonu (Ayd\u0131nl\u0131 Grup)<\/li>\n\n\n\n<li>ManPlus Yal\u0131n At\u0131l\u0131m Projesi (BOSCH Termoteknik Sanayi ve Ticaret A.\u015e.)<\/li>\n\n\n\n<li>Tedarik S\u00fcreci ve Stok Optimizasyonu (\u00c7al\u0131k Denim)<\/li>\n\n\n\n<li>Volan \u00dcretim Hatt\u0131n\u0131n Verimlili\u011finin Artt\u0131r\u0131lmas\u0131 (D\u00f6nmez Debriyaj)<\/li>\n<\/ol>","protected":false},"excerpt":{"rendered":"<p>YAD Uygulama \u00d6d\u00fcl\u00fc T\u00fcrkiye s\u0131n\u0131rlar\u0131 i\u00e7inde faaliyetlerine devam eden bir i\u015fletmede a\u011f\u0131rl\u0131kl\u0131 olarak end\u00fcstri m\u00fchendisli\u011fi ve\/veya y\u00f6neylem ara\u015ft\u0131rmas\u0131 y\u00f6ntemleri kullan\u0131larak [&hellip;]<\/p>","protected":false},"author":1,"featured_media":0,"parent":0,"menu_order":0,"comment_status":"closed","ping_status":"closed","template":"","meta":{"site-sidebar-layout":"default","site-content-layout":"","ast-site-content-layout":"default","site-content-style":"default","site-sidebar-style":"default","ast-global-header-display":"","ast-banner-title-visibility":"","ast-main-header-display":"","ast-hfb-above-header-display":"","ast-hfb-below-header-display":"","ast-hfb-mobile-header-display":"","site-post-title":"","ast-breadcrumbs-content":"","ast-featured-img":"","footer-sml-layout":"","theme-transparent-header-meta":"","adv-header-id-meta":"","stick-header-meta":"","header-above-stick-meta":"","header-main-stick-meta":"","header-below-stick-meta":"","astra-migrate-meta-layouts":"default","ast-page-background-enabled":"default","ast-page-background-meta":{"desktop":{"background-color":"var(--ast-global-color-5)","background-image":"","background-repeat":"repeat","background-position":"center center","background-size":"auto","background-attachment":"scroll","background-type":"","background-media":"","overlay-type":"","overlay-color":"","overlay-opacity":"","overlay-gradient":""},"tablet":{"background-color":"","background-image":"","background-repeat":"repeat","background-position":"center center","background-size":"auto","background-attachment":"scroll","background-type":"","background-media":"","overlay-type":"","overlay-color":"","overlay-opacity":"","overlay-gradient":""},"mobile":{"background-color":"","background-image":"","background-repeat":"repeat","background-position":"center center","background-size":"auto","background-attachment":"scroll","background-type":"","background-media":"","overlay-type":"","overlay-color":"","overlay-opacity":"","overlay-gradient":""}},"ast-content-background-meta":{"desktop":{"background-color":"var(--ast-global-color-4)","background-image":"","background-repeat":"repeat","background-position":"center center","background-size":"auto","background-attachment":"scroll","background-type":"","background-media":"","overlay-type":"","overlay-color":"","overlay-opacity":"","overlay-gradient":""},"tablet":{"background-color":"var(--ast-global-color-4)","background-image":"","background-repeat":"repeat","background-position":"center center","background-size":"auto","background-attachment":"scroll","background-type":"","background-media":"","overlay-type":"","overlay-color":"","overlay-opacity":"","overlay-gradient":""},"mobile":{"background-color":"var(--ast-global-color-4)","background-image":"","background-repeat":"repeat","background-position":"center center","background-size":"auto","background-attachment":"scroll","background-type":"","background-media":"","overlay-type":"","overlay-color":"","overlay-opacity":"","overlay-gradient":""}},"footnotes":""},"class_list":["post-117","page","type-page","status-publish","hentry"],"aioseo_notices":[],"_links":{"self":[{"href":"https:\/\/yd.mustafabaydogan.com\/en\/wp-json\/wp\/v2\/pages\/117","targetHints":{"allow":["GET"]}}],"collection":[{"href":"https:\/\/yd.mustafabaydogan.com\/en\/wp-json\/wp\/v2\/pages"}],"about":[{"href":"https:\/\/yd.mustafabaydogan.com\/en\/wp-json\/wp\/v2\/types\/page"}],"author":[{"embeddable":true,"href":"https:\/\/yd.mustafabaydogan.com\/en\/wp-json\/wp\/v2\/users\/1"}],"replies":[{"embeddable":true,"href":"https:\/\/yd.mustafabaydogan.com\/en\/wp-json\/wp\/v2\/comments?post=117"}],"version-history":[{"count":1,"href":"https:\/\/yd.mustafabaydogan.com\/en\/wp-json\/wp\/v2\/pages\/117\/revisions"}],"predecessor-version":[{"id":118,"href":"https:\/\/yd.mustafabaydogan.com\/en\/wp-json\/wp\/v2\/pages\/117\/revisions\/118"}],"wp:attachment":[{"href":"https:\/\/yd.mustafabaydogan.com\/en\/wp-json\/wp\/v2\/media?parent=117"}],"curies":[{"name":"wp","href":"https:\/\/api.w.org\/{rel}","templated":true}]}}