{"id":12,"date":"2025-03-17T11:48:29","date_gmt":"2025-03-17T11:48:29","guid":{"rendered":"https:\/\/yd.mustafabaydogan.com\/about\/"},"modified":"2025-03-17T11:57:47","modified_gmt":"2025-03-17T11:57:47","slug":"about","status":"publish","type":"page","link":"https:\/\/yd.mustafabaydogan.com\/en\/about\/","title":{"rendered":"About"},"content":{"rendered":"<div class=\"wp-block-group alignfull has-foreground-background-color has-background is-layout-constrained wp-block-group-is-layout-constrained\" style=\"margin-top:0;margin-bottom:0;padding-top:0;padding-bottom:0\">\n<div class=\"wp-block-group alignwide is-layout-constrained wp-block-group-is-layout-constrained\" style=\"padding-top:var(--wp--preset--spacing--30);padding-bottom:var(--wp--preset--spacing--30)\">\n<h1 class=\"wp-block-heading alignwide has-text-align-center has-background-color has-text-color\" style=\"font-size:1.25rem\">About<\/h1>\n<\/div>\n<\/div>\n\n<div class=\"inherit-container-width wp-block-group alignfull has-tertiary-background-color has-background is-layout-constrained wp-container-core-group-is-layout-7276a2bb wp-block-group-is-layout-constrained\" id=\"about\" style=\"margin-top:0;margin-bottom:0;padding-top:var(--wp--preset--spacing--60);padding-right:var(--wp--preset--spacing--30);padding-bottom:var(--wp--preset--spacing--60);padding-left:var(--wp--preset--spacing--30)\">\n<div class=\"wp-block-columns alignwide is-layout-flex wp-container-core-columns-is-layout-47c06fe3 wp-block-columns-is-layout-flex\">\n<div class=\"wp-block-column is-layout-flow wp-block-column-is-layout-flow\" style=\"flex-basis:50%\">\n<h2 class=\"wp-block-heading has-large-font-size\">Driving Operational Research Excellence Since 1975<\/h2>\n<\/div>\n\n\n\n<div class=\"wp-block-column is-layout-flow wp-container-core-column-is-layout-f5bb311e wp-block-column-is-layout-flow\" style=\"flex-basis:50%\">\n<p>Y\u00f6neylem Ara\u015ft\u0131rmas\u0131 Derne\u011fi (YAD) is dedicated to advancing operational research, fostering collaboration, and supporting Turkey\u2019s development through science-based strategies since 1975.<\/p>\n\n\n\n<p>We offer a range of activities including conferences, seminars, and knowledge-sharing initiatives that promote innovation and professional growth in operational research.<\/p>\n<\/div>\n<\/div>\n<\/div>\n\n<div class=\"inherit-container-width wp-block-group alignfull has-background-background-color has-background is-layout-constrained wp-container-core-group-is-layout-7276a2bb wp-block-group-is-layout-constrained\" id=\"team\" style=\"margin-top:0;margin-bottom:0;padding-top:var(--wp--preset--spacing--60);padding-right:var(--wp--preset--spacing--30);padding-bottom:var(--wp--preset--spacing--60);padding-left:var(--wp--preset--spacing--30)\">\n<div class=\"wp-block-group alignwide is-vertical is-layout-flex wp-container-core-group-is-layout-fe9cc265 wp-block-group-is-layout-flex\">\n<div class=\"wp-block-group is-layout-constrained wp-block-group-is-layout-constrained\">\n<h2 class=\"wp-block-heading has-large-font-size\">Advancing Operational Research Together<\/h2>\n\n\n\n<p style=\"margin-top:16px\">Discover the skilled professionals shaping our success.<\/p>\n<\/div>\n<\/div>\n\n\n\n<div class=\"wp-block-columns alignwide is-layout-flex wp-container-core-columns-is-layout-28f84493 wp-block-columns-is-layout-flex\">\n<div class=\"wp-block-column is-layout-flow wp-block-column-is-layout-flow\">\n<figure class=\"wp-block-image is-style-default\"><img loading=\"lazy\" decoding=\"async\" width=\"1280\" height=\"1707\" class=\"wp-image-28\" src=\"https:\/\/yd.mustafabaydogan.com\/wp-content\/uploads\/2025\/03\/00a80d8f58320f33d0acf9eccb9d9599ae7bea98.jpg\" alt=\"\" style=\"aspect-ratio:1;object-fit:cover\" srcset=\"https:\/\/yd.mustafabaydogan.com\/wp-content\/uploads\/2025\/03\/00a80d8f58320f33d0acf9eccb9d9599ae7bea98.jpg 1280w, https:\/\/yd.mustafabaydogan.com\/wp-content\/uploads\/2025\/03\/00a80d8f58320f33d0acf9eccb9d9599ae7bea98-225x300.jpg 225w, https:\/\/yd.mustafabaydogan.com\/wp-content\/uploads\/2025\/03\/00a80d8f58320f33d0acf9eccb9d9599ae7bea98-768x1024.jpg 768w, https:\/\/yd.mustafabaydogan.com\/wp-content\/uploads\/2025\/03\/00a80d8f58320f33d0acf9eccb9d9599ae7bea98-1152x1536.jpg 1152w\" sizes=\"auto, (max-width: 1280px) 100vw, 1280px\" \/><\/figure>\n\n\n\n<h4 class=\"wp-block-heading\" style=\"margin-top:20px;font-size:20px\">Dr. Selin Kaya<\/h4>\n\n\n\n<p class=\"has-primary-color has-text-color has-small-font-size\" style=\"margin-top:4px\">Senior Research Analyst<\/p>\n<\/div>\n\n\n\n<div class=\"wp-block-column is-layout-flow wp-block-column-is-layout-flow\">\n<figure class=\"wp-block-image is-style-default\"><img loading=\"lazy\" decoding=\"async\" width=\"1280\" height=\"1828\" class=\"wp-image-29\" src=\"https:\/\/yd.mustafabaydogan.com\/wp-content\/uploads\/2025\/03\/2b783ce0fcce64ff67550eff598174e761599f21.jpg\" alt=\"\" style=\"aspect-ratio:1;object-fit:cover\" srcset=\"https:\/\/yd.mustafabaydogan.com\/wp-content\/uploads\/2025\/03\/2b783ce0fcce64ff67550eff598174e761599f21.jpg 1280w, https:\/\/yd.mustafabaydogan.com\/wp-content\/uploads\/2025\/03\/2b783ce0fcce64ff67550eff598174e761599f21-210x300.jpg 210w, https:\/\/yd.mustafabaydogan.com\/wp-content\/uploads\/2025\/03\/2b783ce0fcce64ff67550eff598174e761599f21-717x1024.jpg 717w, https:\/\/yd.mustafabaydogan.com\/wp-content\/uploads\/2025\/03\/2b783ce0fcce64ff67550eff598174e761599f21-768x1097.jpg 768w, https:\/\/yd.mustafabaydogan.com\/wp-content\/uploads\/2025\/03\/2b783ce0fcce64ff67550eff598174e761599f21-1076x1536.jpg 1076w\" sizes=\"auto, (max-width: 1280px) 100vw, 1280px\" \/><\/figure>\n\n\n\n<h4 class=\"wp-block-heading\" style=\"margin-top:20px;font-size:20px\">Prof. Murat Demir<\/h4>\n\n\n\n<p class=\"has-primary-color has-text-color has-small-font-size\" style=\"margin-top:4px\">Operations Specialist<\/p>\n<\/div>\n\n\n\n<div class=\"wp-block-column is-layout-flow wp-block-column-is-layout-flow\">\n<figure class=\"wp-block-image is-style-default\"><img loading=\"lazy\" decoding=\"async\" width=\"1280\" height=\"1920\" class=\"wp-image-30\" src=\"https:\/\/yd.mustafabaydogan.com\/wp-content\/uploads\/2025\/03\/36a54e0622f55fe74c283ea0fec349967e420444.jpg\" alt=\"\" style=\"aspect-ratio:1;object-fit:cover\" srcset=\"https:\/\/yd.mustafabaydogan.com\/wp-content\/uploads\/2025\/03\/36a54e0622f55fe74c283ea0fec349967e420444.jpg 1280w, https:\/\/yd.mustafabaydogan.com\/wp-content\/uploads\/2025\/03\/36a54e0622f55fe74c283ea0fec349967e420444-200x300.jpg 200w, https:\/\/yd.mustafabaydogan.com\/wp-content\/uploads\/2025\/03\/36a54e0622f55fe74c283ea0fec349967e420444-683x1024.jpg 683w, https:\/\/yd.mustafabaydogan.com\/wp-content\/uploads\/2025\/03\/36a54e0622f55fe74c283ea0fec349967e420444-768x1152.jpg 768w, https:\/\/yd.mustafabaydogan.com\/wp-content\/uploads\/2025\/03\/36a54e0622f55fe74c283ea0fec349967e420444-1024x1536.jpg 1024w\" sizes=\"auto, (max-width: 1280px) 100vw, 1280px\" \/><\/figure>\n\n\n\n<h4 class=\"wp-block-heading\" style=\"margin-top:20px;font-size:20px\">Dr. Elif Y\u0131lmaz<\/h4>\n\n\n\n<p class=\"has-primary-color has-text-color has-small-font-size\" style=\"margin-top:4px\">Data Modeling Expert<\/p>\n<\/div>\n\n\n\n<div class=\"wp-block-column is-layout-flow wp-block-column-is-layout-flow\">\n<figure class=\"wp-block-image is-style-default\"><img loading=\"lazy\" decoding=\"async\" width=\"1280\" height=\"1600\" class=\"wp-image-31\" src=\"https:\/\/yd.mustafabaydogan.com\/wp-content\/uploads\/2025\/03\/9eb1929d208f023203b6f5fbd7e048b09d73beca.jpg\" alt=\"\" style=\"aspect-ratio:1;object-fit:cover\" srcset=\"https:\/\/yd.mustafabaydogan.com\/wp-content\/uploads\/2025\/03\/9eb1929d208f023203b6f5fbd7e048b09d73beca.jpg 1280w, https:\/\/yd.mustafabaydogan.com\/wp-content\/uploads\/2025\/03\/9eb1929d208f023203b6f5fbd7e048b09d73beca-240x300.jpg 240w, https:\/\/yd.mustafabaydogan.com\/wp-content\/uploads\/2025\/03\/9eb1929d208f023203b6f5fbd7e048b09d73beca-819x1024.jpg 819w, https:\/\/yd.mustafabaydogan.com\/wp-content\/uploads\/2025\/03\/9eb1929d208f023203b6f5fbd7e048b09d73beca-768x960.jpg 768w, https:\/\/yd.mustafabaydogan.com\/wp-content\/uploads\/2025\/03\/9eb1929d208f023203b6f5fbd7e048b09d73beca-1229x1536.jpg 1229w\" sizes=\"auto, (max-width: 1280px) 100vw, 1280px\" \/><\/figure>\n\n\n\n<h4 class=\"wp-block-heading\" style=\"margin-top:20px;font-size:20px\">Ali \u00c7elik<\/h4>\n\n\n\n<p class=\"has-primary-color has-text-color has-small-font-size\" style=\"margin-top:4px\">Project Coordinator<\/p>\n<\/div>\n<\/div>\n\n\n\n<div class=\"wp-block-columns alignwide is-layout-flex wp-container-core-columns-is-layout-28f84493 wp-block-columns-is-layout-flex\">\n<div class=\"wp-block-column is-layout-flow wp-block-column-is-layout-flow\">\n<figure class=\"wp-block-image is-style-default\"><img loading=\"lazy\" decoding=\"async\" width=\"1280\" height=\"1926\" class=\"wp-image-32\" src=\"https:\/\/yd.mustafabaydogan.com\/wp-content\/uploads\/2025\/03\/29a5c80872c335e1d163fc0b4c657a33fe3e27bd.jpg\" alt=\"\" style=\"aspect-ratio:1;object-fit:cover\" srcset=\"https:\/\/yd.mustafabaydogan.com\/wp-content\/uploads\/2025\/03\/29a5c80872c335e1d163fc0b4c657a33fe3e27bd.jpg 1280w, https:\/\/yd.mustafabaydogan.com\/wp-content\/uploads\/2025\/03\/29a5c80872c335e1d163fc0b4c657a33fe3e27bd-199x300.jpg 199w, https:\/\/yd.mustafabaydogan.com\/wp-content\/uploads\/2025\/03\/29a5c80872c335e1d163fc0b4c657a33fe3e27bd-681x1024.jpg 681w, https:\/\/yd.mustafabaydogan.com\/wp-content\/uploads\/2025\/03\/29a5c80872c335e1d163fc0b4c657a33fe3e27bd-768x1156.jpg 768w, https:\/\/yd.mustafabaydogan.com\/wp-content\/uploads\/2025\/03\/29a5c80872c335e1d163fc0b4c657a33fe3e27bd-1021x1536.jpg 1021w\" sizes=\"auto, (max-width: 1280px) 100vw, 1280px\" \/><\/figure>\n\n\n\n<h4 class=\"wp-block-heading\" style=\"margin-top:20px;font-size:20px\">Prof. Murat Demir<\/h4>\n\n\n\n<p class=\"has-primary-color has-text-color has-small-font-size\" style=\"margin-top:4px\">Operations Specialist<\/p>\n<\/div>\n\n\n\n<div class=\"wp-block-column is-layout-flow wp-block-column-is-layout-flow\">\n<figure class=\"wp-block-image is-style-default\"><img loading=\"lazy\" decoding=\"async\" width=\"1280\" height=\"1920\" class=\"wp-image-33\" src=\"https:\/\/yd.mustafabaydogan.com\/wp-content\/uploads\/2025\/03\/cc2297ed0d976c37cbd460dfe1eedc430439fd68.jpg\" alt=\"\" style=\"aspect-ratio:1;object-fit:cover\" srcset=\"https:\/\/yd.mustafabaydogan.com\/wp-content\/uploads\/2025\/03\/cc2297ed0d976c37cbd460dfe1eedc430439fd68.jpg 1280w, https:\/\/yd.mustafabaydogan.com\/wp-content\/uploads\/2025\/03\/cc2297ed0d976c37cbd460dfe1eedc430439fd68-200x300.jpg 200w, https:\/\/yd.mustafabaydogan.com\/wp-content\/uploads\/2025\/03\/cc2297ed0d976c37cbd460dfe1eedc430439fd68-683x1024.jpg 683w, https:\/\/yd.mustafabaydogan.com\/wp-content\/uploads\/2025\/03\/cc2297ed0d976c37cbd460dfe1eedc430439fd68-768x1152.jpg 768w, https:\/\/yd.mustafabaydogan.com\/wp-content\/uploads\/2025\/03\/cc2297ed0d976c37cbd460dfe1eedc430439fd68-1024x1536.jpg 1024w\" sizes=\"auto, (max-width: 1280px) 100vw, 1280px\" \/><\/figure>\n\n\n\n<h4 class=\"wp-block-heading\" style=\"margin-top:20px;font-size:20px\">Ali \u00c7elik<\/h4>\n\n\n\n<p class=\"has-primary-color has-text-color has-small-font-size\" style=\"margin-top:4px\">Project Coordinator<\/p>\n<\/div>\n\n\n\n<div class=\"wp-block-column is-layout-flow wp-block-column-is-layout-flow\">\n<figure class=\"wp-block-image is-style-default\"><img loading=\"lazy\" decoding=\"async\" width=\"1280\" height=\"1920\" class=\"wp-image-34\" src=\"https:\/\/yd.mustafabaydogan.com\/wp-content\/uploads\/2025\/03\/ad4a7a9e98786fd01a32e2bb82ad02c6c0f18f7a.jpg\" alt=\"\" style=\"aspect-ratio:1;object-fit:cover\" srcset=\"https:\/\/yd.mustafabaydogan.com\/wp-content\/uploads\/2025\/03\/ad4a7a9e98786fd01a32e2bb82ad02c6c0f18f7a.jpg 1280w, https:\/\/yd.mustafabaydogan.com\/wp-content\/uploads\/2025\/03\/ad4a7a9e98786fd01a32e2bb82ad02c6c0f18f7a-200x300.jpg 200w, https:\/\/yd.mustafabaydogan.com\/wp-content\/uploads\/2025\/03\/ad4a7a9e98786fd01a32e2bb82ad02c6c0f18f7a-683x1024.jpg 683w, https:\/\/yd.mustafabaydogan.com\/wp-content\/uploads\/2025\/03\/ad4a7a9e98786fd01a32e2bb82ad02c6c0f18f7a-768x1152.jpg 768w, https:\/\/yd.mustafabaydogan.com\/wp-content\/uploads\/2025\/03\/ad4a7a9e98786fd01a32e2bb82ad02c6c0f18f7a-1024x1536.jpg 1024w\" sizes=\"auto, (max-width: 1280px) 100vw, 1280px\" \/><\/figure>\n\n\n\n<h4 class=\"wp-block-heading\" style=\"margin-top:20px;font-size:20px\">Dr. Selin Kaya<\/h4>\n\n\n\n<p class=\"has-primary-color has-text-color has-small-font-size\" style=\"margin-top:4px\">Senior Research Analyst<\/p>\n<\/div>\n\n\n\n<div class=\"wp-block-column is-layout-flow wp-block-column-is-layout-flow\">\n<figure class=\"wp-block-image is-style-default\"><img loading=\"lazy\" decoding=\"async\" width=\"1280\" height=\"1933\" class=\"wp-image-35\" src=\"https:\/\/yd.mustafabaydogan.com\/wp-content\/uploads\/2025\/03\/92535408da2ee65da777f79c5c2b4597d67a5538.jpg\" alt=\"\" style=\"aspect-ratio:1;object-fit:cover\" srcset=\"https:\/\/yd.mustafabaydogan.com\/wp-content\/uploads\/2025\/03\/92535408da2ee65da777f79c5c2b4597d67a5538.jpg 1280w, https:\/\/yd.mustafabaydogan.com\/wp-content\/uploads\/2025\/03\/92535408da2ee65da777f79c5c2b4597d67a5538-199x300.jpg 199w, https:\/\/yd.mustafabaydogan.com\/wp-content\/uploads\/2025\/03\/92535408da2ee65da777f79c5c2b4597d67a5538-678x1024.jpg 678w, https:\/\/yd.mustafabaydogan.com\/wp-content\/uploads\/2025\/03\/92535408da2ee65da777f79c5c2b4597d67a5538-768x1160.jpg 768w, https:\/\/yd.mustafabaydogan.com\/wp-content\/uploads\/2025\/03\/92535408da2ee65da777f79c5c2b4597d67a5538-1017x1536.jpg 1017w\" sizes=\"auto, (max-width: 1280px) 100vw, 1280px\" \/><\/figure>\n\n\n\n<h4 class=\"wp-block-heading\" style=\"margin-top:20px;font-size:20px\">Dr. Elif Y\u0131lmaz<\/h4>\n\n\n\n<p class=\"has-primary-color has-text-color has-small-font-size\" style=\"margin-top:4px\">Data Modeling Expert<\/p>\n<\/div>\n<\/div>\n<\/div>\n\n<div class=\"inherit-container-width wp-block-group alignfull has-tertiary-background-color has-background is-layout-constrained wp-container-core-group-is-layout-fb85e995 wp-block-group-is-layout-constrained\" id=\"testimonials\" style=\"margin-top:0;margin-bottom:0;padding-top:var(--wp--preset--spacing--60);padding-right:var(--wp--preset--spacing--30);padding-bottom:var(--wp--preset--spacing--60);padding-left:var(--wp--preset--spacing--30)\">\n<p class=\"has-text-align-center has-large-font-size\" style=\"font-style:normal;font-weight:500;line-height:1.3\">The dedication and expertise of this organization have made a significant impact on our projects.<\/p>\n\n\n\n<figure class=\"wp-block-image aligncenter is-style-rounded\"><img loading=\"lazy\" decoding=\"async\" width=\"96\" height=\"96\" class=\"wp-image-36\" src=\"https:\/\/yd.mustafabaydogan.com\/wp-content\/uploads\/2025\/03\/960323d54ea403b0d928aee2dbc22a993ebe185c.jpg\" alt=\"\" style=\"aspect-ratio:1;object-fit:cover\"\/><\/figure>\n\n\n\n<h4 class=\"wp-block-heading has-text-align-center\" style=\"margin-top:18px;font-size:18px\">Ay\u015fe Demir<\/h4>\n\n\n\n<p class=\"has-text-align-center has-small-font-size\" style=\"margin-top:4px\">Operations Analyst<\/p>\n<\/div>","protected":false},"excerpt":{"rendered":"<p>About Driving Operational Research Excellence Since 1975 Y\u00f6neylem Ara\u015ft\u0131rmas\u0131 Derne\u011fi (YAD) is dedicated to advancing operational research, fostering collaboration, and [&hellip;]<\/p>","protected":false},"author":1,"featured_media":0,"parent":0,"menu_order":0,"comment_status":"closed","ping_status":"closed","template":"no-title","meta":{"site-sidebar-layout":"default","site-content-layout":"","ast-site-content-layout":"default","site-content-style":"default","site-sidebar-style":"default","ast-global-header-display":"","ast-banner-title-visibility":"","ast-main-header-display":"","ast-hfb-above-header-display":"","ast-hfb-below-header-display":"","ast-hfb-mobile-header-display":"","site-post-title":"","ast-breadcrumbs-content":"","ast-featured-img":"","footer-sml-layout":"","theme-transparent-header-meta":"","adv-header-id-meta":"","stick-header-meta":"","header-above-stick-meta":"","header-main-stick-meta":"","header-below-stick-meta":"","astra-migrate-meta-layouts":"default","ast-page-background-enabled":"default","ast-page-background-meta":{"desktop":{"background-color":"var(--ast-global-color-5)","background-image":"","background-repeat":"repeat","background-position":"center center","background-size":"auto","background-attachment":"scroll","background-type":"","background-media":"","overlay-type":"","overlay-color":"","overlay-opacity":"","overlay-gradient":""},"tablet":{"background-color":"","background-image":"","background-repeat":"repeat","background-position":"center center","background-size":"auto","background-attachment":"scroll","background-type":"","background-media":"","overlay-type":"","overlay-color":"","overlay-opacity":"","overlay-gradient":""},"mobile":{"background-color":"","background-image":"","background-repeat":"repeat","background-position":"center center","background-size":"auto","background-attachment":"scroll","background-type":"","background-media":"","overlay-type":"","overlay-color":"","overlay-opacity":"","overlay-gradient":""}},"ast-content-background-meta":{"desktop":{"background-color":"var(--ast-global-color-4)","background-image":"","background-repeat":"repeat","background-position":"center center","background-size":"auto","background-attachment":"scroll","background-type":"","background-media":"","overlay-type":"","overlay-color":"","overlay-opacity":"","overlay-gradient":""},"tablet":{"background-color":"var(--ast-global-color-4)","background-image":"","background-repeat":"repeat","background-position":"center center","background-size":"auto","background-attachment":"scroll","background-type":"","background-media":"","overlay-type":"","overlay-color":"","overlay-opacity":"","overlay-gradient":""},"mobile":{"background-color":"var(--ast-global-color-4)","background-image":"","background-repeat":"repeat","background-position":"center center","background-size":"auto","background-attachment":"scroll","background-type":"","background-media":"","overlay-type":"","overlay-color":"","overlay-opacity":"","overlay-gradient":""}},"footnotes":""},"class_list":["post-12","page","type-page","status-publish","hentry"],"aioseo_notices":[],"_links":{"self":[{"href":"https:\/\/yd.mustafabaydogan.com\/en\/wp-json\/wp\/v2\/pages\/12","targetHints":{"allow":["GET"]}}],"collection":[{"href":"https:\/\/yd.mustafabaydogan.com\/en\/wp-json\/wp\/v2\/pages"}],"about":[{"href":"https:\/\/yd.mustafabaydogan.com\/en\/wp-json\/wp\/v2\/types\/page"}],"author":[{"embeddable":true,"href":"https:\/\/yd.mustafabaydogan.com\/en\/wp-json\/wp\/v2\/users\/1"}],"replies":[{"embeddable":true,"href":"https:\/\/yd.mustafabaydogan.com\/en\/wp-json\/wp\/v2\/comments?post=12"}],"version-history":[{"count":1,"href":"https:\/\/yd.mustafabaydogan.com\/en\/wp-json\/wp\/v2\/pages\/12\/revisions"}],"predecessor-version":[{"id":37,"href":"https:\/\/yd.mustafabaydogan.com\/en\/wp-json\/wp\/v2\/pages\/12\/revisions\/37"}],"wp:attachment":[{"href":"https:\/\/yd.mustafabaydogan.com\/en\/wp-json\/wp\/v2\/media?parent=12"}],"curies":[{"name":"wp","href":"https:\/\/api.w.org\/{rel}","templated":true}]}}