{"id":93,"date":"2025-12-09T14:03:11","date_gmt":"2025-12-09T14:03:11","guid":{"rendered":"https:\/\/yd.mustafabaydogan.com\/?page_id=93"},"modified":"2025-12-09T14:03:13","modified_gmt":"2025-12-09T14:03:13","slug":"kongreler","status":"publish","type":"page","link":"https:\/\/yd.mustafabaydogan.com\/en\/kongreler\/","title":{"rendered":"Annual Meetings"},"content":{"rendered":"<h3 class=\"wp-block-heading\">Operations Research \/ Industrial Engineering (OR\/IE) Annual Meetings<\/h3>\n\n\n\n<p>YA\/EM Annual Meetings are among the oldest and most established professional and scientific events held annually in T\u00fcrkiye. Each year, the congress is hosted under the auspices of an Industrial Engineering Department. YAD has prepared a YA\/EM Organization Proposal Guide for departments wishing to organize the congress. The guide outlines the requirements for hosting YA\/EM and the application deadlines.<\/p>\n\n\n\n<figure class=\"wp-block-table\"><table class=\"has-fixed-layout\"><tbody><tr><td>October 2022<\/td><td>Denizli<\/td><td>Pamukkale University<\/td><\/tr><tr><td>July 2021<\/td><td>\u0130stanbul<\/td><td>Bo\u011fazi\u00e7i University<\/td><\/tr><tr><td>June 2019<\/td><td>Ankara<\/td><td>Ba\u015fkent University, YAD<\/td><\/tr><tr><td>June 2018<\/td><td>Eski\u015fehir<\/td><td>Anadolu University, YAD<\/td><\/tr><tr><td>July 2017<\/td><td>\u0130stanbul<\/td><td>Y\u0131ld\u0131z Technical University, YAD<\/td><\/tr><tr><td>July 2016<\/td><td>\u0130zmir<\/td><td>Ya\u015far University, YAD<\/td><\/tr><tr><td>September 2015<\/td><td>Ankara<\/td><td>Middle East Technical University, YAD<\/td><\/tr><tr><td>June 2014<\/td><td>Bursa<\/td><td>Uluda\u011f University, YAD<\/td><\/tr><tr><td>July 2013<\/td><td>\u0130stanbul<\/td><td>Bilkent University, YAD (With IIE International)<\/td><\/tr><tr><td>July 2012<\/td><td>\u0130stanbul<\/td><td>Do\u011fu\u015f University, YAD<\/td><\/tr><tr><td>July 2011<\/td><td>Sakarya<\/td><td>Sakarya University, YAD<\/td><\/tr><tr><td>June 2010<\/td><td>\u0130stanbul<\/td><td>Sabanc\u0131 University, YAD<\/td><\/tr><tr><td>June 2009<\/td><td>Ankara<\/td><td>Bilkent University, YAD<\/td><\/tr><tr><td>July 2008<\/td><td>\u0130stanbul<\/td><td>Galatasaray University, YAD<\/td><\/tr><tr><td>July 2007<\/td><td>\u0130zmir<\/td><td>Dokuz Eyl\u00fcl University, YAD<\/td><\/tr><tr><td>July 2006<\/td><td>Kocaeli<\/td><td>Kocaeli University, YAD<\/td><\/tr><tr><td>July 2005<\/td><td>\u0130stanbul<\/td><td>Ko\u00e7 University, YAD<\/td><\/tr><tr><td>June 2004<\/td><td>Gaziantep\/Adana<\/td><td>Gaziantep University\/\u00c7ukurova University, YAD<\/td><\/tr><tr><td>July 2002<\/td><td>\u0130stanbul<\/td><td>Yeditepe University, YAD<\/td><\/tr><tr><td>July 2001<\/td><td>Ankara<\/td><td>Gazi University, YAD<\/td><\/tr><tr><td>June 2000<\/td><td>Gazima\u011fusa<\/td><td>Eastern Mediterranean University, YAD<\/td><\/tr><tr><td>June 1999<\/td><td>Ankara<\/td><td>Kara Harp Okulu, YAD<\/td><\/tr><tr><td>June 1998<\/td><td>Ankara<\/td><td>Middle East Technical University, YAD<\/td><\/tr><tr><td>October 1996<\/td><td>\u0130stanbul<\/td><td>\u0130stanbul Technical University, YAD<\/td><\/tr><tr><td>July 1995<\/td><td>Ankara<\/td><td>Middle East Technical University, YAD<\/td><\/tr><tr><td>July 1994<\/td><td>Ankara<\/td><td>Bilkent University, YAD<\/td><\/tr><tr><td>July 1993<\/td><td>\u0130stanbul<\/td><td>Bo\u011fazi\u00e7i University, YAD<\/td><\/tr><tr><td>June 1991<\/td><td>\u0130stanbul<\/td><td>\u0130stanbul Technical University, YAD<\/td><\/tr><tr><td>June 1990<\/td><td>Ankara<\/td><td>Middle East Technical University, YAD<\/td><\/tr><tr><td>June 1989<\/td><td>Ankara<\/td><td>Bilkent University, YAD<\/td><\/tr><tr><td>September 1987<\/td><td>\u0130stanbul<\/td><td>Marmara University, Emin\u00f6n\u00fc and Bak\u0131rk\u00f6y Municipalities, MAE, YAD<\/td><\/tr><tr><td>October 1985<\/td><td>\u0130zmir<\/td><td>Dokuz Eyl\u00fcl University, MAE, YAD<\/td><\/tr><tr><td>June 1984<\/td><td>\u0130stanbul<\/td><td>Bo\u011fazi\u00e7i University, MAE, YAD<\/td><\/tr><tr><td>June 1983<\/td><td>Ankara<\/td><td>Middle East Technical University, T\u00fcrkiye Ticaret ve Sanayi Odalar\u0131 Birli\u011fi, MAE, YAD<\/td><\/tr><tr><td>September 1981<\/td><td>\u0130stanbul<\/td><td>\u0130stanbul University, \u0130stanbul Sanayi Odas\u0131, MAE, YAD<\/td><\/tr><tr><td>June 1980<\/td><td>Ankara<\/td><td>Hacettepe University, MAE, YAD<\/td><\/tr><tr><td>May 1979<\/td><td>Eski\u015fehir<\/td><td>Eski\u015fehir&nbsp;\u0130ktisadi ve Ticari \u0130limler A., MAE, YAD<\/td><\/tr><tr><td>June 1978<\/td><td>\u0130stanbul<\/td><td>\u0130stanbul Technical University, MAE, YAD<\/td><\/tr><tr><td>May 1977<\/td><td>\u0130zmir<\/td><td>Ege University, MAE, YAD<\/td><\/tr><tr><td>June 1976<\/td><td>Ankara<\/td><td>Middle East Technical University, MAE, YAD<\/td><\/tr><tr><td>February 1975<\/td><td>\u0130stanbul<\/td><td>T\u00fcbitak Marmara Ara\u015ft\u0131rma Enstit\u00fcs\u00fc (MAE), Bo\u011fazi\u00e7i \u00dcniversitesi<\/td><\/tr><\/tbody><\/table><\/figure>","protected":false},"excerpt":{"rendered":"<p>Y\u00f6neylem Ara\u015ft\u0131rmas\u0131\/End\u00fcstri M\u00fchendisli\u011fi (YA\/EM) Kongreleri YA\/EM Kongreleri her y\u0131l d\u00fczenlenen \u00fclkemizin en k\u00f6kl\u00fc mesleki ve bilimsel organizasyonlar\u0131ndan biridir. Kongremiz her [&hellip;]<\/p>","protected":false},"author":1,"featured_media":0,"parent":0,"menu_order":0,"comment_status":"closed","ping_status":"closed","template":"","meta":{"site-sidebar-layout":"default","site-content-layout":"","ast-site-content-layout":"default","site-content-style":"default","site-sidebar-style":"default","ast-global-header-display":"","ast-banner-title-visibility":"","ast-main-header-display":"","ast-hfb-above-header-display":"","ast-hfb-below-header-display":"","ast-hfb-mobile-header-display":"","site-post-title":"","ast-breadcrumbs-content":"","ast-featured-img":"","footer-sml-layout":"","theme-transparent-header-meta":"","adv-header-id-meta":"","stick-header-meta":"","header-above-stick-meta":"","header-main-stick-meta":"","header-below-stick-meta":"","astra-migrate-meta-layouts":"default","ast-page-background-enabled":"default","ast-page-background-meta":{"desktop":{"background-color":"var(--ast-global-color-5)","background-image":"","background-repeat":"repeat","background-position":"center center","background-size":"auto","background-attachment":"scroll","background-type":"","background-media":"","overlay-type":"","overlay-color":"","overlay-opacity":"","overlay-gradient":""},"tablet":{"background-color":"","background-image":"","background-repeat":"repeat","background-position":"center center","background-size":"auto","background-attachment":"scroll","background-type":"","background-media":"","overlay-type":"","overlay-color":"","overlay-opacity":"","overlay-gradient":""},"mobile":{"background-color":"","background-image":"","background-repeat":"repeat","background-position":"center center","background-size":"auto","background-attachment":"scroll","background-type":"","background-media":"","overlay-type":"","overlay-color":"","overlay-opacity":"","overlay-gradient":""}},"ast-content-background-meta":{"desktop":{"background-color":"var(--ast-global-color-4)","background-image":"","background-repeat":"repeat","background-position":"center center","background-size":"auto","background-attachment":"scroll","background-type":"","background-media":"","overlay-type":"","overlay-color":"","overlay-opacity":"","overlay-gradient":""},"tablet":{"background-color":"var(--ast-global-color-4)","background-image":"","background-repeat":"repeat","background-position":"center center","background-size":"auto","background-attachment":"scroll","background-type":"","background-media":"","overlay-type":"","overlay-color":"","overlay-opacity":"","overlay-gradient":""},"mobile":{"background-color":"var(--ast-global-color-4)","background-image":"","background-repeat":"repeat","background-position":"center center","background-size":"auto","background-attachment":"scroll","background-type":"","background-media":"","overlay-type":"","overlay-color":"","overlay-opacity":"","overlay-gradient":""}},"footnotes":""},"class_list":["post-93","page","type-page","status-publish","hentry"],"aioseo_notices":[],"_links":{"self":[{"href":"https:\/\/yd.mustafabaydogan.com\/en\/wp-json\/wp\/v2\/pages\/93","targetHints":{"allow":["GET"]}}],"collection":[{"href":"https:\/\/yd.mustafabaydogan.com\/en\/wp-json\/wp\/v2\/pages"}],"about":[{"href":"https:\/\/yd.mustafabaydogan.com\/en\/wp-json\/wp\/v2\/types\/page"}],"author":[{"embeddable":true,"href":"https:\/\/yd.mustafabaydogan.com\/en\/wp-json\/wp\/v2\/users\/1"}],"replies":[{"embeddable":true,"href":"https:\/\/yd.mustafabaydogan.com\/en\/wp-json\/wp\/v2\/comments?post=93"}],"version-history":[{"count":1,"href":"https:\/\/yd.mustafabaydogan.com\/en\/wp-json\/wp\/v2\/pages\/93\/revisions"}],"predecessor-version":[{"id":94,"href":"https:\/\/yd.mustafabaydogan.com\/en\/wp-json\/wp\/v2\/pages\/93\/revisions\/94"}],"wp:attachment":[{"href":"https:\/\/yd.mustafabaydogan.com\/en\/wp-json\/wp\/v2\/media?parent=93"}],"curies":[{"name":"wp","href":"https:\/\/api.w.org\/{rel}","templated":true}]}}