{"id":95,"date":"2025-12-09T14:08:10","date_gmt":"2025-12-09T14:08:10","guid":{"rendered":"https:\/\/yd.mustafabaydogan.com\/?page_id=95"},"modified":"2025-12-09T14:08:12","modified_gmt":"2025-12-09T14:08:12","slug":"kolokyumlar","status":"publish","type":"page","link":"https:\/\/yd.mustafabaydogan.com\/en\/kolokyumlar\/","title":{"rendered":"Colloquia"},"content":{"rendered":"<h3 class=\"wp-block-heading\">OR\/IE PhD Colloquia<\/h3>\n\n\n\n<p>Improving doctoral programs in T\u00fcrkiye and increasing the number of PhD students are of great importance for the advancement of our profession. In line with this goal, our association has been organizing PhD Student Colloquia since 2002. Each colloquium is hosted under the auspices of an Industrial Engineering Department. The colloquia held to date are listed below. Departments interested in hosting a future colloquium may contact the YAD Executive Board.<\/p>\n\n\n\n<figure class=\"wp-block-table\"><table class=\"has-fixed-layout\"><tbody><tr><td>November 2021<\/td><td>\u0130stanbul<\/td><td>Galatasaray University<\/td><\/tr><tr><td>April 2019<\/td><td>Eski\u015fehir<\/td><td>Eski\u015fehir Osmangazi University<\/td><\/tr><tr><td>November 2017<\/td><td>\u0130stanbul<\/td><td>Sabanc\u0131 University<\/td><\/tr><tr><td>April 2016<\/td><td>\u0130stanbul<\/td><td>Bo\u011fazi\u00e7i University<\/td><\/tr><tr><td>October 2014<\/td><td>Ankara<\/td><td>Middle East Technical University<\/td><\/tr><tr><td>November 2009<\/td><td>\u0130stanbul<\/td><td>Bilkent University<\/td><\/tr><tr><td>November 2007<\/td><td>\u0130stanbul<\/td><td>Ko\u00e7 University<\/td><\/tr><tr><td>July 2005<\/td><td>Gaziantep<\/td><td>\u00c7ukurova University &#8211; Gaziantep University<\/td><\/tr><tr><td>November 2003<\/td><td>Ankara<\/td><td>Ko\u00e7 University<\/td><\/tr><tr><td>November 2002<\/td><td>Ankara<\/td><td>Middle East Technical University<\/td><\/tr><\/tbody><\/table><\/figure>","protected":false},"excerpt":{"rendered":"<p>YA\/EM Doktora Kolokyumlar\u0131 Mesle\u011fimizin ba\u015far\u0131s\u0131 a\u00e7\u0131s\u0131ndan \u00fclkemizdeki doktora programlar\u0131n\u0131n iyile\u015ftirilmesi ve doktora \u00f6\u011frencilerinin say\u0131s\u0131n\u0131n artt\u0131r\u0131lmas\u0131 b\u00fcy\u00fck bir \u00f6nem ta\u015f\u0131maktad\u0131r. Derne\u011fimiz [&hellip;]<\/p>","protected":false},"author":1,"featured_media":0,"parent":0,"menu_order":0,"comment_status":"closed","ping_status":"closed","template":"","meta":{"site-sidebar-layout":"default","site-content-layout":"","ast-site-content-layout":"default","site-content-style":"default","site-sidebar-style":"default","ast-global-header-display":"","ast-banner-title-visibility":"","ast-main-header-display":"","ast-hfb-above-header-display":"","ast-hfb-below-header-display":"","ast-hfb-mobile-header-display":"","site-post-title":"","ast-breadcrumbs-content":"","ast-featured-img":"","footer-sml-layout":"","theme-transparent-header-meta":"","adv-header-id-meta":"","stick-header-meta":"","header-above-stick-meta":"","header-main-stick-meta":"","header-below-stick-meta":"","astra-migrate-meta-layouts":"default","ast-page-background-enabled":"default","ast-page-background-meta":{"desktop":{"background-color":"var(--ast-global-color-5)","background-image":"","background-repeat":"repeat","background-position":"center center","background-size":"auto","background-attachment":"scroll","background-type":"","background-media":"","overlay-type":"","overlay-color":"","overlay-opacity":"","overlay-gradient":""},"tablet":{"background-color":"","background-image":"","background-repeat":"repeat","background-position":"center center","background-size":"auto","background-attachment":"scroll","background-type":"","background-media":"","overlay-type":"","overlay-color":"","overlay-opacity":"","overlay-gradient":""},"mobile":{"background-color":"","background-image":"","background-repeat":"repeat","background-position":"center center","background-size":"auto","background-attachment":"scroll","background-type":"","background-media":"","overlay-type":"","overlay-color":"","overlay-opacity":"","overlay-gradient":""}},"ast-content-background-meta":{"desktop":{"background-color":"var(--ast-global-color-4)","background-image":"","background-repeat":"repeat","background-position":"center center","background-size":"auto","background-attachment":"scroll","background-type":"","background-media":"","overlay-type":"","overlay-color":"","overlay-opacity":"","overlay-gradient":""},"tablet":{"background-color":"var(--ast-global-color-4)","background-image":"","background-repeat":"repeat","background-position":"center center","background-size":"auto","background-attachment":"scroll","background-type":"","background-media":"","overlay-type":"","overlay-color":"","overlay-opacity":"","overlay-gradient":""},"mobile":{"background-color":"var(--ast-global-color-4)","background-image":"","background-repeat":"repeat","background-position":"center center","background-size":"auto","background-attachment":"scroll","background-type":"","background-media":"","overlay-type":"","overlay-color":"","overlay-opacity":"","overlay-gradient":""}},"footnotes":""},"class_list":["post-95","page","type-page","status-publish","hentry"],"aioseo_notices":[],"_links":{"self":[{"href":"https:\/\/yd.mustafabaydogan.com\/en\/wp-json\/wp\/v2\/pages\/95","targetHints":{"allow":["GET"]}}],"collection":[{"href":"https:\/\/yd.mustafabaydogan.com\/en\/wp-json\/wp\/v2\/pages"}],"about":[{"href":"https:\/\/yd.mustafabaydogan.com\/en\/wp-json\/wp\/v2\/types\/page"}],"author":[{"embeddable":true,"href":"https:\/\/yd.mustafabaydogan.com\/en\/wp-json\/wp\/v2\/users\/1"}],"replies":[{"embeddable":true,"href":"https:\/\/yd.mustafabaydogan.com\/en\/wp-json\/wp\/v2\/comments?post=95"}],"version-history":[{"count":1,"href":"https:\/\/yd.mustafabaydogan.com\/en\/wp-json\/wp\/v2\/pages\/95\/revisions"}],"predecessor-version":[{"id":96,"href":"https:\/\/yd.mustafabaydogan.com\/en\/wp-json\/wp\/v2\/pages\/95\/revisions\/96"}],"wp:attachment":[{"href":"https:\/\/yd.mustafabaydogan.com\/en\/wp-json\/wp\/v2\/media?parent=95"}],"curies":[{"name":"wp","href":"https:\/\/api.w.org\/{rel}","templated":true}]}}